{"id":1036,"date":"2025-10-15T10:56:57","date_gmt":"2025-10-15T08:56:57","guid":{"rendered":"https:\/\/clinicturdental.com\/avis-legal\/"},"modified":"2026-03-24T10:14:40","modified_gmt":"2026-03-24T09:14:40","slug":"avis-legal","status":"publish","type":"page","link":"https:\/\/clinicturdental.com\/ca\/avis-legal\/","title":{"rendered":"Av\u00eds legal"},"content":{"rendered":"\t\t<div data-elementor-type=\"wp-page\" data-elementor-id=\"1036\" class=\"elementor elementor-1036 elementor-324\" data-elementor-post-type=\"page\">\n\t\t\t\t<div class=\"elementor-element elementor-element-3b550542 e-flex e-con-boxed e-con e-parent\" data-id=\"3b550542\" data-element_type=\"container\" data-e-type=\"container\" data-settings=\"{&quot;background_background&quot;:&quot;gradient&quot;}\">\n\t\t\t\t\t<div class=\"e-con-inner\">\n\t\t\t\t<div class=\"elementor-element elementor-element-74611f9 elementor-widget__width-initial elementor-invisible elementor-widget elementor-widget-heading\" data-id=\"74611f9\" data-element_type=\"widget\" data-e-type=\"widget\" data-settings=\"{&quot;_animation&quot;:&quot;slideInUp&quot;}\" data-widget_type=\"heading.default\">\n\t\t\t\t\t<h1 class=\"elementor-heading-title elementor-size-default\">Av\u00eds legal<\/h1>\t\t\t\t<\/div>\n\t\t\t\t\t<\/div>\n\t\t\t\t<\/div>\n\t\t<div class=\"elementor-element elementor-element-5cc0da2 e-flex e-con-boxed e-con e-parent\" data-id=\"5cc0da2\" data-element_type=\"container\" data-e-type=\"container\">\n\t\t\t\t\t<div class=\"e-con-inner\">\n\t\t\t\t<div class=\"elementor-element elementor-element-6e418b6 elementor-widget elementor-widget-heading\" data-id=\"6e418b6\" data-element_type=\"widget\" data-e-type=\"widget\" data-widget_type=\"heading.default\">\n\t\t\t\t\t<h2 class=\"elementor-heading-title elementor-size-default\">Introducci\u00f3<\/h2>\t\t\t\t<\/div>\n\t\t\t\t<div class=\"elementor-element elementor-element-8174d0e elementor-widget elementor-widget-text-editor\" data-id=\"8174d0e\" data-element_type=\"widget\" data-e-type=\"widget\" data-widget_type=\"text-editor.default\">\n\t\t\t\t\t\t\t\t\t<p data-start=\"0\" data-end=\"297\">En compliment de la Llei 34\/2002, d\u201911 de juliol, de Serveis de la Societat de la Informaci\u00f3 i de Comer\u00e7 Electr\u00f2nic (LSSI-CE), BLANCA GONZALEZ NU\u00d1EZ informa que \u00e9s titular del lloc web. D\u2019acord amb l\u2019exig\u00e8ncia de l\u2019article 10 de la citada Llei, BLANCA GONZALEZ NU\u00d1EZ informa de les seg\u00fcents dades:<\/p><p data-start=\"299\" data-end=\"570\" data-is-last-node=\"\" data-is-only-node=\"\">RA\u00d3 SOCIAL BLANCA GONZALEZ NU\u00d1EZ<br data-start=\"331\" data-end=\"334\" \/>NIF 47621877D<br data-start=\"347\" data-end=\"350\" \/>DOMINI <a class=\"decorated-link\" href=\"http:\/\/WWW.CLINICTURDENTAL.COM\" target=\"_new\" rel=\"noopener\" data-start=\"357\" data-end=\"380\">WWW.CLINICTURDENTAL.COM<\/a><br data-start=\"380\" data-end=\"383\" \/>ADRE\u00c7A POSTAL ISIDORO MACABICH, 32, 07860 SANT FRANCESC DE FORMENTERA (ILLES BALEARS)<br data-start=\"468\" data-end=\"471\" \/>ADRE\u00c7A ELECTR\u00d2NICA <a class=\"decorated-link cursor-pointer\" rel=\"noopener\" data-start=\"490\" data-end=\"514\">info@clinicturdental.com<\/a><br data-start=\"514\" data-end=\"517\" \/>TEL\u00c8FONS 971322453<br data-start=\"535\" data-end=\"538\" \/>N\u00daM. REGISTRE\/ DADES ADDICIONALS<\/p>\t\t\t\t\t\t\t\t<\/div>\n\t\t\t\t<div class=\"elementor-element elementor-element-e0ec4e5 elementor-widget elementor-widget-heading\" data-id=\"e0ec4e5\" data-element_type=\"widget\" data-e-type=\"widget\" data-widget_type=\"heading.default\">\n\t\t\t\t\t<h2 class=\"elementor-heading-title elementor-size-default\">Usuari i r\u00e8gim de responsabilitats\n<\/h2>\t\t\t\t<\/div>\n\t\t\t\t<div class=\"elementor-element elementor-element-3fb16ab elementor-widget elementor-widget-text-editor\" data-id=\"3fb16ab\" data-element_type=\"widget\" data-e-type=\"widget\" data-widget_type=\"text-editor.default\">\n\t\t\t\t\t\t\t\t\t<p>La navegaci\u00f3, acc\u00e9s i \u00fas del lloc web de BLANCA GONZALEZ NU\u00d1EZ confereix la condici\u00f3 d\u2019usuari.<\/p><p>El lloc web de BLANCA GONZALEZ NU\u00d1EZ proporciona una gran diversitat d\u2019informaci\u00f3, serveis i dades. L\u2019usuari assumeix la responsabilitat en l\u2019\u00fas correcte del lloc web. Aquesta responsabilitat s\u2019estendr\u00e0 a:<\/p><p>La veracitat i licitud de les informacions aportades per l\u2019usuari en els formularis facilitats per BLANCA GONZALEZ NU\u00d1EZ per a l\u2019acc\u00e9s a determinats continguts o serveis oferts pel web.<\/p><p>L\u2019\u00fas de la informaci\u00f3, serveis i dades oferts per BLANCA GONZALEZ NU\u00d1EZ de manera contr\u00e0ria al que disposen aquestes condicions, la Llei, la moral, els bons costums o l\u2019ordre p\u00fablic, o que de qualsevol altra manera puguin suposar una lesi\u00f3 dels drets de tercers o del mateix funcionament del lloc web.<\/p>\t\t\t\t\t\t\t\t<\/div>\n\t\t\t\t<div class=\"elementor-element elementor-element-bb3e815 elementor-widget elementor-widget-heading\" data-id=\"bb3e815\" data-element_type=\"widget\" data-e-type=\"widget\" data-widget_type=\"heading.default\">\n\t\t\t\t\t<h2 class=\"elementor-heading-title elementor-size-default\">Pol\u00edtica d\u2019enlla\u00e7os i exempcions de responsabilitat\n<\/h2>\t\t\t\t<\/div>\n\t\t\t\t<div class=\"elementor-element elementor-element-10ec80f elementor-widget elementor-widget-text-editor\" data-id=\"10ec80f\" data-element_type=\"widget\" data-e-type=\"widget\" data-widget_type=\"text-editor.default\">\n\t\t\t\t\t\t\t\t\t<p>BLANCA GONZALEZ NU\u00d1EZ no es fa responsable del contingut dels llocs web als quals l\u2019usuari pugui accedir a trav\u00e9s dels enlla\u00e7os establerts al seu lloc web, sempre que no tingui coneixement efectiu que l\u2019activitat o la informaci\u00f3 a la qual remet o recomana \u00e9s il\u00b7l\u00edcita o que lesiona b\u00e9ns o drets d\u2019un tercer susceptibles d\u2019indemnitzaci\u00f3, o, en cas de tenir-ne, actu\u00ef amb dilig\u00e8ncia per suprimir o inutilitzar l\u2019enlla\u00e7 corresponent.<\/p><p>S\u2019entendr\u00e0 que BLANCA GONZALEZ NU\u00d1EZ t\u00e9 el coneixement efectiu a qu\u00e8 es refereix el par\u00e0graf anterior quan un \u00f2rgan competent hagi declarat la il\u00b7licitud de les dades, ordenat la seva retirada o que s\u2019impossibiliti l\u2019acc\u00e9s a aquestes, o s\u2019hagi declarat l\u2019exist\u00e8ncia de la lesi\u00f3, i BLANCA GONZALEZ NU\u00d1EZ conegui la resoluci\u00f3 corresponent, sense perjudici dels procediments de detecci\u00f3 i retirada de continguts que BLANCA GONZALEZ NU\u00d1EZ apliqui en virtut d\u2019acords voluntaris i d\u2019altres mitjans de coneixement efectiu que es puguin establir.<\/p><p>BLANCA GONZALEZ NU\u00d1EZ declara haver adoptat totes les mesures necess\u00e0ries per evitar qualsevol dany als usuaris del seu lloc web que es pugui derivar de la navegaci\u00f3 pel mateix. En conseq\u00fc\u00e8ncia, BLANCA GONZALEZ NU\u00d1EZ no es fa responsable, en cap cas, dels eventuals danys que, per la navegaci\u00f3 per Internet, pugui patir l\u2019usuari. Aix\u00ed mateix, tampoc garantir\u00e0 la disponibilitat t\u00e8cnica, exactitud, veracitat, validesa o legalitat de llocs aliens a la seva propietat als quals es pugui accedir mitjan\u00e7ant els enlla\u00e7os.<\/p>\t\t\t\t\t\t\t\t<\/div>\n\t\t\t\t<div class=\"elementor-element elementor-element-2965e41 elementor-widget elementor-widget-heading\" data-id=\"2965e41\" data-element_type=\"widget\" data-e-type=\"widget\" data-widget_type=\"heading.default\">\n\t\t\t\t\t<h2 class=\"elementor-heading-title elementor-size-default\">Modificacions<\/h2>\t\t\t\t<\/div>\n\t\t\t\t<div class=\"elementor-element elementor-element-73bf1ca elementor-widget elementor-widget-text-editor\" data-id=\"73bf1ca\" data-element_type=\"widget\" data-e-type=\"widget\" data-widget_type=\"text-editor.default\">\n\t\t\t\t\t\t\t\t\t<p>BLANCA GONZALEZ NU\u00d1EZ es reserva la facultat d\u2019efectuar, en qualsevol moment i sense necessitat de previ av\u00eds, modificacions i actualitzacions de la informaci\u00f3 continguda al seu lloc web o en la configuraci\u00f3 i presentaci\u00f3 d\u2019aquesta. Amb l\u2019objectiu de mantenir actualitzada la informaci\u00f3 publicada, els continguts del mateix podran ser modificats, corregits, eliminats o afegits en qualsevol moment, per qualsevol forma admissible en dret.<\/p>\t\t\t\t\t\t\t\t<\/div>\n\t\t\t\t<div class=\"elementor-element elementor-element-43a04c5 elementor-widget elementor-widget-heading\" data-id=\"43a04c5\" data-element_type=\"widget\" data-e-type=\"widget\" data-widget_type=\"heading.default\">\n\t\t\t\t\t<h2 class=\"elementor-heading-title elementor-size-default\">Indicaci\u00f3 de preus\n<\/h2>\t\t\t\t<\/div>\n\t\t\t\t<div class=\"elementor-element elementor-element-2e0c784 elementor-widget elementor-widget-text-editor\" data-id=\"2e0c784\" data-element_type=\"widget\" data-e-type=\"widget\" data-widget_type=\"text-editor.default\">\n\t\t\t\t\t\t\t\t\t<p>En cas que es mostrin preus de productes i\/o serveis, els indicats en pantalla seran els vigents en cada moment. Els preus s\u2019indicaran en euros i inclouran l\u2019Impost sobre el Valor Afegit (IVA). En cas que no s\u2019inclogui l\u2019IVA en el preu, s\u2019indicar\u00e0 de manera expressa i es permetr\u00e0 a l\u2019usuari visualitzar el preu final complet.<\/p><p>Aix\u00ed mateix, si fos aplicable qualsevol altre impost, aix\u00ed s\u2019indicaria, incloent-hi, si escau, l\u2019import dels increments o descomptes que siguin aplicables a l\u2019oferta i les despeses addicionals que puguin repercutir al consumidor o usuari.<\/p>\t\t\t\t\t\t\t\t<\/div>\n\t\t\t\t<div class=\"elementor-element elementor-element-b5b0cdd elementor-widget elementor-widget-heading\" data-id=\"b5b0cdd\" data-element_type=\"widget\" data-e-type=\"widget\" data-widget_type=\"heading.default\">\n\t\t\t\t\t<h2 class=\"elementor-heading-title elementor-size-default\">Propietat intel\u00b7lectual i industrial\n<\/h2>\t\t\t\t<\/div>\n\t\t\t\t<div class=\"elementor-element elementor-element-2333611 elementor-widget elementor-widget-text-editor\" data-id=\"2333611\" data-element_type=\"widget\" data-e-type=\"widget\" data-widget_type=\"text-editor.default\">\n\t\t\t\t\t\t\t\t\t<p>BLANCA GONZALEZ NU\u00d1EZ, per si mateixa o com a cession\u00e0ria, \u00e9s titular de tots els drets de propietat intel\u00b7lectual i industrial del seu lloc web, aix\u00ed com dels elements continguts en el mateix (a t\u00edtol enunciatiu, imatges, so, \u00e0udio, v\u00eddeo, programari o textos; marques o logotips, combinacions de colors, estructura i disseny, selecci\u00f3 de materials utilitzats, programes d\u2019ordinador necessaris per al seu funcionament, acc\u00e9s i \u00fas, etc.), titularitat de BLANCA GONZALEZ NU\u00d1EZ. Seran, en conseq\u00fc\u00e8ncia, obres protegides com a propietat intel\u00b7lectual per l\u2019ordenament jur\u00eddic espanyol, essent-los aplicables tant la normativa espanyola i comunit\u00e0ria en aquest \u00e0mbit, com els tractats internacionals relatius a la mat\u00e8ria i subscrits per Espanya.<\/p><p>Tots els drets reservats. En virtut del que disposa la Llei de Propietat Intel\u00b7lectual, queden expressament prohibides la reproducci\u00f3, la distribuci\u00f3 i la comunicaci\u00f3 p\u00fablica, inclosa la seva modalitat de posada a disposici\u00f3, de la totalitat o part dels continguts d\u2019aquest lloc web, amb finalitats comercials, en qualsevol suport i per qualsevol mitj\u00e0 t\u00e8cnic, sense l\u2019autoritzaci\u00f3 de BLANCA GONZALEZ NU\u00d1EZ.<\/p><p>L\u2019usuari es compromet a respectar els drets de Propietat Intel\u00b7lectual i Industrial titularitat de BLANCA GONZALEZ NU\u00d1EZ. Podr\u00e0 visualitzar els elements del portal i fins i tot imprimir-los, copiar-los i emmagatzemar-los al disc dur del seu ordinador o en qualsevol altre suport f\u00edsic sempre que sigui, \u00fanica i exclusivament, per al seu \u00fas personal i privat. L\u2019usuari haur\u00e0 d\u2019abstenir-se de suprimir, alterar, eludir o manipular qualsevol dispositiu de protecci\u00f3 o sistema de seguretat que estigui instal\u00b7lat a les p\u00e0gines de BLANCA GONZALEZ NU\u00d1EZ.<\/p>\t\t\t\t\t\t\t\t<\/div>\n\t\t\t\t<div class=\"elementor-element elementor-element-6de4240 elementor-widget elementor-widget-heading\" data-id=\"6de4240\" data-element_type=\"widget\" data-e-type=\"widget\" data-widget_type=\"heading.default\">\n\t\t\t\t\t<h2 class=\"elementor-heading-title elementor-size-default\">Accions legals, legislaci\u00f3 aplicable i jurisdicci\u00f3\n<\/h2>\t\t\t\t<\/div>\n\t\t\t\t<div class=\"elementor-element elementor-element-d49d2c3 elementor-widget elementor-widget-text-editor\" data-id=\"d49d2c3\" data-element_type=\"widget\" data-e-type=\"widget\" data-widget_type=\"text-editor.default\">\n\t\t\t\t\t\t\t\t\t<p>Si l\u2019usuari desitja presentar una reclamaci\u00f3, haur\u00e0 de contactar mitjan\u00e7ant el correu electr\u00f2nic <a href=\"mailto:info@clinicturdental.com\">info@clinicturdental.com<\/a>. Aix\u00ed mateix, BLANCA GONZALEZ NU\u00d1EZ disposa de fulls oficials de reclamaci\u00f3 a disposici\u00f3 dels consumidors i usuaris.<\/p><p>BLANCA GONZALEZ NU\u00d1EZ es reserva la facultat de presentar les accions civils o penals que consideri oportunes per la utilitzaci\u00f3 indeguda del seu lloc web i continguts, o per l\u2019incompliment de les presents condicions.<\/p><p>La relaci\u00f3 entre l\u2019usuari i el prestador es regir\u00e0 per la normativa vigent i d\u2019aplicaci\u00f3 al territori espanyol. En cas de sorgir qualsevol controv\u00e8rsia, les parts podran sotmetre els seus conflictes a arbitratge o acudir a la jurisdicci\u00f3 ordin\u00e0ria complint amb les normes sobre jurisdicci\u00f3 i compet\u00e8ncia al respecte.<\/p>\t\t\t\t\t\t\t\t<\/div>\n\t\t\t\t\t<\/div>\n\t\t\t\t<\/div>\n\t\t\t\t<\/div>\n\t\t","protected":false},"excerpt":{"rendered":"<p>Av\u00eds legal Introducci\u00f3 En compliment de la Llei 34\/2002, d\u201911 de juliol, de Serveis de la Societat de la Informaci\u00f3 i de Comer\u00e7 Electr\u00f2nic (LSSI-CE), BLANCA GONZALEZ NU\u00d1EZ informa que \u00e9s titular del lloc web. D\u2019acord amb l\u2019exig\u00e8ncia de l\u2019article 10 de la citada Llei, BLANCA GONZALEZ NU\u00d1EZ informa de les seg\u00fcents dades: RA\u00d3 SOCIAL [&hellip;]<\/p>\n","protected":false},"author":1,"featured_media":0,"parent":0,"menu_order":0,"comment_status":"closed","ping_status":"closed","template":"","meta":{"footnotes":""},"class_list":["post-1036","page","type-page","status-publish","hentry"],"_links":{"self":[{"href":"https:\/\/clinicturdental.com\/ca\/wp-json\/wp\/v2\/pages\/1036","targetHints":{"allow":["GET"]}}],"collection":[{"href":"https:\/\/clinicturdental.com\/ca\/wp-json\/wp\/v2\/pages"}],"about":[{"href":"https:\/\/clinicturdental.com\/ca\/wp-json\/wp\/v2\/types\/page"}],"author":[{"embeddable":true,"href":"https:\/\/clinicturdental.com\/ca\/wp-json\/wp\/v2\/users\/1"}],"replies":[{"embeddable":true,"href":"https:\/\/clinicturdental.com\/ca\/wp-json\/wp\/v2\/comments?post=1036"}],"version-history":[{"count":3,"href":"https:\/\/clinicturdental.com\/ca\/wp-json\/wp\/v2\/pages\/1036\/revisions"}],"predecessor-version":[{"id":2179,"href":"https:\/\/clinicturdental.com\/ca\/wp-json\/wp\/v2\/pages\/1036\/revisions\/2179"}],"wp:attachment":[{"href":"https:\/\/clinicturdental.com\/ca\/wp-json\/wp\/v2\/media?parent=1036"}],"curies":[{"name":"wp","href":"https:\/\/api.w.org\/{rel}","templated":true}]}}