{"id":1038,"date":"2025-10-14T11:50:54","date_gmt":"2025-10-14T09:50:54","guid":{"rendered":"https:\/\/clinicturdental.com\/equip\/"},"modified":"2026-04-10T08:14:08","modified_gmt":"2026-04-10T06:14:08","slug":"equip","status":"publish","type":"page","link":"https:\/\/clinicturdental.com\/ca\/equip\/","title":{"rendered":"Equip"},"content":{"rendered":"\t\t<div data-elementor-type=\"wp-page\" data-elementor-id=\"1038\" class=\"elementor elementor-1038 elementor-33\" data-elementor-post-type=\"page\">\n\t\t\t\t<div class=\"elementor-element elementor-element-34ef8e1d e-flex e-con-boxed e-con e-parent\" data-id=\"34ef8e1d\" data-element_type=\"container\" data-e-type=\"container\" data-settings=\"{&quot;background_background&quot;:&quot;gradient&quot;}\">\n\t\t\t\t\t<div class=\"e-con-inner\">\n\t\t\t\t<div class=\"elementor-element elementor-element-58a73759 elementor-widget__width-initial elementor-invisible elementor-widget elementor-widget-heading\" data-id=\"58a73759\" data-element_type=\"widget\" data-e-type=\"widget\" data-settings=\"{&quot;_animation&quot;:&quot;slideInUp&quot;}\" data-widget_type=\"heading.default\">\n\t\t\t\t\t<h1 class=\"elementor-heading-title elementor-size-default\">El nostre equip<\/h1>\t\t\t\t<\/div>\n\t\t\t\t\t<\/div>\n\t\t\t\t<\/div>\n\t\t<div class=\"elementor-element elementor-element-2b2ec95d e-flex e-con-boxed e-con e-parent\" data-id=\"2b2ec95d\" data-element_type=\"container\" data-e-type=\"container\" data-settings=\"{&quot;background_background&quot;:&quot;classic&quot;}\">\n\t\t\t\t\t<div class=\"e-con-inner\">\n\t\t\t\t<div class=\"elementor-element elementor-element-68a91685 elementor-widget__width-initial elementor-invisible elementor-widget elementor-widget-heading\" data-id=\"68a91685\" data-element_type=\"widget\" data-e-type=\"widget\" data-settings=\"{&quot;_animation&quot;:&quot;slideInUp&quot;}\" data-widget_type=\"heading.default\">\n\t\t\t\t\t<h2 class=\"elementor-heading-title elementor-size-default\">Ens agrada el que fem<\/h2>\t\t\t\t<\/div>\n\t\t\t\t<div class=\"elementor-element elementor-element-3495a382 elementor-widget__width-initial elementor-invisible elementor-widget elementor-widget-text-editor\" data-id=\"3495a382\" data-element_type=\"widget\" data-e-type=\"widget\" data-settings=\"{&quot;_animation&quot;:&quot;slideInUp&quot;}\" data-widget_type=\"text-editor.default\">\n\t\t\t\t\t\t\t\t\t<p>El nostre objectiu \u00e9s aconseguir la m\u00e0xima qualitat en els treballs i, alhora, oferir un tracte molt pr\u00f2xim als nostres pacients.<br \/><br \/>Cobrim totes les branques de l&#8217;Odontologia amb especial dedicaci\u00f3 als tractaments d&#8217;est\u00e8tica..<\/p>\t\t\t\t\t\t\t\t<\/div>\n\t\t<div class=\"elementor-element elementor-element-10738ce e-flex e-con-boxed e-con e-child\" data-id=\"10738ce\" data-element_type=\"container\" data-e-type=\"container\">\n\t\t\t\t\t<div class=\"e-con-inner\">\n\t\t\t\t<div class=\"elementor-element elementor-element-e1bff85 elementor-widget__width-initial elementor-widget elementor-widget-rtm-team\" data-id=\"e1bff85\" data-element_type=\"widget\" data-e-type=\"widget\" data-widget_type=\"rtm-team.default\">\n\t\t\t\t<div class=\"elementor-widget-container\">\n\t\t\t\t\t        <div class=\"rkit-team rkit-team__default\">\r\n            <div class=\"rkit-team-card \">\r\n                <div class=\"rkit-team__img zoom-in\">\r\n                    <img fetchpriority=\"high\" decoding=\"async\" width=\"683\" height=\"1024\" src=\"https:\/\/clinicturdental.com\/wp-content\/uploads\/2026\/03\/Bianca-1-1-683x1024.webp\" class=\"attachment-large size-large wp-image-2426\" alt=\"\" srcset=\"https:\/\/clinicturdental.com\/wp-content\/uploads\/2026\/03\/Bianca-1-1-683x1024.webp 683w, https:\/\/clinicturdental.com\/wp-content\/uploads\/2026\/03\/Bianca-1-1-200x300.webp 200w, https:\/\/clinicturdental.com\/wp-content\/uploads\/2026\/03\/Bianca-1-1-768x1152.webp 768w, https:\/\/clinicturdental.com\/wp-content\/uploads\/2026\/03\/Bianca-1-1-1024x1536.webp 1024w, https:\/\/clinicturdental.com\/wp-content\/uploads\/2026\/03\/Bianca-1-1-1366x2048.webp 1366w, https:\/\/clinicturdental.com\/wp-content\/uploads\/2026\/03\/Bianca-1-1-scaled.webp 1707w\" sizes=\"(max-width: 683px) 100vw, 683px\" \/>                <\/div>\r\n                <div class=\"rkit-team__detail\">\r\n                    <h3 class=\"rkit-team__name\">Dra. Blanca Gonz\u00e1lez <\/h3>\r\n                    <span class=\"rkit-team__role\"><\/span>\r\n                    <span class=\"rkit-team__description\">Realitzo odontologia general i coordino totes les \u00e0rees de la cl\u00ednica.<\/span>\r\n                                            <div class=\"rkit-team__social\">\r\n                                                                <div class=\"61425d2 youtube\">\r\n                                        <a class=\"rkit-team__social_item\" href=\"\">\r\n                                                                                    <\/a>\r\n                                    <\/div>\r\n                                                    <\/div>\r\n                                    <\/div>\r\n                            <\/div>\r\n        <\/div>\r\n\t\t\t\t<\/div>\n\t\t\t\t<\/div>\n\t\t\t\t<div class=\"elementor-element elementor-element-e209ab0 elementor-widget__width-initial elementor-widget elementor-widget-rtm-team\" data-id=\"e209ab0\" data-element_type=\"widget\" data-e-type=\"widget\" data-widget_type=\"rtm-team.default\">\n\t\t\t\t<div class=\"elementor-widget-container\">\n\t\t\t\t\t        <div class=\"rkit-team rkit-team__default\">\r\n            <div class=\"rkit-team-card \">\r\n                <div class=\"rkit-team__img zoom-in\">\r\n                    <img decoding=\"async\" width=\"683\" height=\"1024\" src=\"https:\/\/clinicturdental.com\/wp-content\/uploads\/2026\/03\/Marta-2-1-683x1024.webp\" class=\"attachment-large size-large wp-image-2429\" alt=\"\" srcset=\"https:\/\/clinicturdental.com\/wp-content\/uploads\/2026\/03\/Marta-2-1-683x1024.webp 683w, https:\/\/clinicturdental.com\/wp-content\/uploads\/2026\/03\/Marta-2-1-200x300.webp 200w, https:\/\/clinicturdental.com\/wp-content\/uploads\/2026\/03\/Marta-2-1-768x1152.webp 768w, https:\/\/clinicturdental.com\/wp-content\/uploads\/2026\/03\/Marta-2-1-1024x1536.webp 1024w, https:\/\/clinicturdental.com\/wp-content\/uploads\/2026\/03\/Marta-2-1-1366x2048.webp 1366w, https:\/\/clinicturdental.com\/wp-content\/uploads\/2026\/03\/Marta-2-1-scaled.webp 1707w\" sizes=\"(max-width: 683px) 100vw, 683px\" \/>                <\/div>\r\n                <div class=\"rkit-team__detail\">\r\n                    <h3 class=\"rkit-team__name\">Dra. Marta Ribas <\/h3>\r\n                    <span class=\"rkit-team__role\"><\/span>\r\n                    <span class=\"rkit-team__description\">Faig els tractaments d\u2019ortod\u00f2ncia en totes les seves modalitats.<\/span>\r\n                                            <div class=\"rkit-team__social\">\r\n                                                                <div class=\"9fcfb4a youtube\">\r\n                                        <a class=\"rkit-team__social_item\" href=\"\">\r\n                                                                                    <\/a>\r\n                                    <\/div>\r\n                                                    <\/div>\r\n                                    <\/div>\r\n                            <\/div>\r\n        <\/div>\r\n\t\t\t\t<\/div>\n\t\t\t\t<\/div>\n\t\t\t\t<div class=\"elementor-element elementor-element-41d602d elementor-widget__width-initial elementor-widget elementor-widget-rtm-team\" data-id=\"41d602d\" data-element_type=\"widget\" data-e-type=\"widget\" data-widget_type=\"rtm-team.default\">\n\t\t\t\t<div class=\"elementor-widget-container\">\n\t\t\t\t\t        <div class=\"rkit-team rkit-team__default\">\r\n            <div class=\"rkit-team-card \">\r\n                <div class=\"rkit-team__img zoom-in\">\r\n                    <img decoding=\"async\" width=\"1707\" height=\"2560\" src=\"https:\/\/clinicturdental.com\/wp-content\/uploads\/2026\/03\/Myriam-4-scaled.webp\" class=\"attachment-full size-full wp-image-2432\" alt=\"\" srcset=\"https:\/\/clinicturdental.com\/wp-content\/uploads\/2026\/03\/Myriam-4-scaled.webp 1707w, https:\/\/clinicturdental.com\/wp-content\/uploads\/2026\/03\/Myriam-4-200x300.webp 200w, https:\/\/clinicturdental.com\/wp-content\/uploads\/2026\/03\/Myriam-4-683x1024.webp 683w, https:\/\/clinicturdental.com\/wp-content\/uploads\/2026\/03\/Myriam-4-768x1152.webp 768w, https:\/\/clinicturdental.com\/wp-content\/uploads\/2026\/03\/Myriam-4-1024x1536.webp 1024w, https:\/\/clinicturdental.com\/wp-content\/uploads\/2026\/03\/Myriam-4-1366x2048.webp 1366w\" sizes=\"(max-width: 1707px) 100vw, 1707px\" \/>                <\/div>\r\n                <div class=\"rkit-team__detail\">\r\n                    <h3 class=\"rkit-team__name\">Myriam Ojeda<\/h3>\r\n                    <span class=\"rkit-team__role\"><\/span>\r\n                    <span class=\"rkit-team__description\">Realitzo recepci\u00f3, auxiliar dental i tamb\u00e9 m&#039;ocupo de treballs de laboratori.\n<\/span>\r\n                                            <div class=\"rkit-team__social\">\r\n                                                                <div class=\"b873a3e facebook\">\r\n                                        <a class=\"rkit-team__social_item\" href=\"\">\r\n                                                                                    <\/a>\r\n                                    <\/div>\r\n                                                    <\/div>\r\n                                    <\/div>\r\n                            <\/div>\r\n        <\/div>\r\n\t\t\t\t<\/div>\n\t\t\t\t<\/div>\n\t\t\t\t<div class=\"elementor-element elementor-element-0d2af64 elementor-widget__width-initial elementor-widget elementor-widget-rtm-team\" data-id=\"0d2af64\" data-element_type=\"widget\" data-e-type=\"widget\" data-widget_type=\"rtm-team.default\">\n\t\t\t\t<div class=\"elementor-widget-container\">\n\t\t\t\t\t        <div class=\"rkit-team rkit-team__default\">\r\n            <div class=\"rkit-team-card \">\r\n                <div class=\"rkit-team__img zoom-in\">\r\n                    <img loading=\"lazy\" decoding=\"async\" width=\"1707\" height=\"2560\" src=\"https:\/\/clinicturdental.com\/wp-content\/uploads\/2026\/03\/Lilian-3-scaled.webp\" class=\"attachment-full size-full wp-image-2435\" alt=\"\" srcset=\"https:\/\/clinicturdental.com\/wp-content\/uploads\/2026\/03\/Lilian-3-scaled.webp 1707w, https:\/\/clinicturdental.com\/wp-content\/uploads\/2026\/03\/Lilian-3-200x300.webp 200w, https:\/\/clinicturdental.com\/wp-content\/uploads\/2026\/03\/Lilian-3-683x1024.webp 683w, https:\/\/clinicturdental.com\/wp-content\/uploads\/2026\/03\/Lilian-3-768x1152.webp 768w, https:\/\/clinicturdental.com\/wp-content\/uploads\/2026\/03\/Lilian-3-1024x1536.webp 1024w, https:\/\/clinicturdental.com\/wp-content\/uploads\/2026\/03\/Lilian-3-1366x2048.webp 1366w\" sizes=\"(max-width: 1707px) 100vw, 1707px\" \/>                <\/div>\r\n                <div class=\"rkit-team__detail\">\r\n                    <h3 class=\"rkit-team__name\">Lili\u00e1n Miranda<\/h3>\r\n                    <span class=\"rkit-team__role\"><\/span>\r\n                    <span class=\"rkit-team__description\">Realitzo prevenci\u00f3 i higiene dental; tamb\u00e9 funcions d&#039;auxiliar dental i recepci\u00f3.<\/span>\r\n                                            <div class=\"rkit-team__social\">\r\n                                                                <div class=\"7a24329 twitter\">\r\n                                        <a class=\"rkit-team__social_item\" href=\"\">\r\n                                                                                    <\/a>\r\n                                    <\/div>\r\n                                                    <\/div>\r\n                                    <\/div>\r\n                            <\/div>\r\n        <\/div>\r\n\t\t\t\t<\/div>\n\t\t\t\t<\/div>\n\t\t\t\t\t<\/div>\n\t\t\t\t<\/div>\n\t\t\t\t\t<\/div>\n\t\t\t\t<\/div>\n\t\t<div class=\"elementor-element elementor-element-6e6216c e-flex e-con-boxed e-con e-parent\" data-id=\"6e6216c\" data-element_type=\"container\" data-e-type=\"container\" data-settings=\"{&quot;background_background&quot;:&quot;classic&quot;}\">\n\t\t\t\t\t<div class=\"e-con-inner\">\n\t\t\t\t<div class=\"elementor-element elementor-element-f4ff2da elementor-align-center elementor-mobile-align-justify elementor-widget-mobile__width-initial elementor-invisible elementor-widget elementor-widget-button\" data-id=\"f4ff2da\" data-element_type=\"widget\" data-e-type=\"widget\" data-settings=\"{&quot;_animation&quot;:&quot;slideInUp&quot;}\" data-widget_type=\"button.default\">\n\t\t\t\t\t\t\t\t\t\t<a class=\"elementor-button elementor-button-link elementor-size-sm\" href=\"https:\/\/clinicturdental.com\/ca\/contacte\/\">\n\t\t\t\t\t\t<span class=\"elementor-button-content-wrapper\">\n\t\t\t\t\t\t\t\t\t<span class=\"elementor-button-text\">Concertar una cita<\/span>\n\t\t\t\t\t<\/span>\n\t\t\t\t\t<\/a>\n\t\t\t\t\t\t\t\t<\/div>\n\t\t\t\t\t<\/div>\n\t\t\t\t<\/div>\n\t\t\t\t<\/div>\n\t\t","protected":false},"excerpt":{"rendered":"<p>El nostre equip Ens agrada el que fem El nostre objectiu \u00e9s aconseguir la m\u00e0xima qualitat en els treballs i, alhora, oferir un tracte molt pr\u00f2xim als nostres pacients. Cobrim totes les branques de l&#8217;Odontologia amb especial dedicaci\u00f3 als tractaments d&#8217;est\u00e8tica.. Dra. Blanca Gonz\u00e1lez Realitzo odontologia general i coordino totes les \u00e0rees de la cl\u00ednica. [&hellip;]<\/p>\n","protected":false},"author":1,"featured_media":0,"parent":0,"menu_order":0,"comment_status":"closed","ping_status":"closed","template":"","meta":{"footnotes":""},"class_list":["post-1038","page","type-page","status-publish","hentry"],"_links":{"self":[{"href":"https:\/\/clinicturdental.com\/ca\/wp-json\/wp\/v2\/pages\/1038","targetHints":{"allow":["GET"]}}],"collection":[{"href":"https:\/\/clinicturdental.com\/ca\/wp-json\/wp\/v2\/pages"}],"about":[{"href":"https:\/\/clinicturdental.com\/ca\/wp-json\/wp\/v2\/types\/page"}],"author":[{"embeddable":true,"href":"https:\/\/clinicturdental.com\/ca\/wp-json\/wp\/v2\/users\/1"}],"replies":[{"embeddable":true,"href":"https:\/\/clinicturdental.com\/ca\/wp-json\/wp\/v2\/comments?post=1038"}],"version-history":[{"count":11,"href":"https:\/\/clinicturdental.com\/ca\/wp-json\/wp\/v2\/pages\/1038\/revisions"}],"predecessor-version":[{"id":2476,"href":"https:\/\/clinicturdental.com\/ca\/wp-json\/wp\/v2\/pages\/1038\/revisions\/2476"}],"wp:attachment":[{"href":"https:\/\/clinicturdental.com\/ca\/wp-json\/wp\/v2\/media?parent=1038"}],"curies":[{"name":"wp","href":"https:\/\/api.w.org\/{rel}","templated":true}]}}