{"id":1042,"date":"2025-10-15T10:56:14","date_gmt":"2025-10-15T08:56:14","guid":{"rendered":"https:\/\/clinicturdental.com\/politica-de-galetes\/"},"modified":"2026-03-24T10:07:24","modified_gmt":"2026-03-24T09:07:24","slug":"politica-de-galetes","status":"publish","type":"page","link":"https:\/\/clinicturdental.com\/ca\/politica-de-galetes\/","title":{"rendered":"Pol\u00edtica de galetes"},"content":{"rendered":"\t\t<div data-elementor-type=\"wp-page\" data-elementor-id=\"1042\" class=\"elementor elementor-1042 elementor-319\" data-elementor-post-type=\"page\">\n\t\t\t\t<div class=\"elementor-element elementor-element-71ada99c e-flex e-con-boxed e-con e-parent\" data-id=\"71ada99c\" data-element_type=\"container\" data-e-type=\"container\" data-settings=\"{&quot;background_background&quot;:&quot;gradient&quot;}\">\n\t\t\t\t\t<div class=\"e-con-inner\">\n\t\t\t\t<div class=\"elementor-element elementor-element-1215e955 elementor-widget__width-initial elementor-invisible elementor-widget elementor-widget-heading\" data-id=\"1215e955\" data-element_type=\"widget\" data-e-type=\"widget\" data-settings=\"{&quot;_animation&quot;:&quot;slideInUp&quot;}\" data-widget_type=\"heading.default\">\n\t\t\t\t\t<h1 class=\"elementor-heading-title elementor-size-default\">Pol\u00edtica de Cookies<\/h1>\t\t\t\t<\/div>\n\t\t\t\t\t<\/div>\n\t\t\t\t<\/div>\n\t\t<div class=\"elementor-element elementor-element-b732a22 e-flex e-con-boxed e-con e-parent\" data-id=\"b732a22\" data-element_type=\"container\" data-e-type=\"container\">\n\t\t\t\t\t<div class=\"e-con-inner\">\n\t\t\t\t<div class=\"elementor-element elementor-element-6ebae53 elementor-widget elementor-widget-text-editor\" data-id=\"6ebae53\" data-element_type=\"widget\" data-e-type=\"widget\" data-widget_type=\"text-editor.default\">\n\t\t\t\t\t\t\t\t\t<p data-start=\"0\" data-end=\"281\">D\u2019acord amb el que estableix l\u2019article 22.2 de la Llei 34\/2002, d\u201911 de juliol, de Serveis de la Societat de la Informaci\u00f3 i de Comer\u00e7 Electr\u00f2nic (LSSI-CE) vigent, BLANCA GONZALEZ NU\u00d1EZ ha de complir amb l\u2019obligaci\u00f3 d\u2019informar sobre les cookies que utilitza i les seves finalitats.<\/p><p data-start=\"283\" data-end=\"679\">Aquest lloc web utilitza cookies i\/o tecnologies similars que emmagatzemen i recuperen informaci\u00f3 quan navegues. Les cookies permeten a una p\u00e0gina web, entre altres coses, emmagatzemar i recuperar informaci\u00f3 sobre els h\u00e0bits de navegaci\u00f3 d\u2019un Usuari o del seu equip i, en funci\u00f3 de la informaci\u00f3 que continguin i de la manera com utilitzi el seu equip, poden utilitzar-se per recon\u00e8ixer l\u2019Usuari.<\/p><p data-start=\"681\" data-end=\"879\">Les cookies s\u00f3n essencials per al funcionament d\u2019internet, aportant innombrables avantatges en la prestaci\u00f3 de serveis interactius, facilitant a l\u2019Usuari la navegaci\u00f3 i la usabilitat del nostre web.<\/p><p data-start=\"881\" data-end=\"940\">L\u2019usuari pot modificar la configuraci\u00f3 personalitzada AQU\u00cd.<\/p><p data-start=\"942\" data-end=\"1045\">La informaci\u00f3 que us proporcionem a continuaci\u00f3 us ajudar\u00e0 a comprendre els diferents tipus de cookies:<\/p><p data-start=\"1047\" data-end=\"1063\"><strong>TIPUS DE COOKIES<\/strong><\/p><p data-start=\"1065\" data-end=\"1098\"><strong>SEGONS L\u2019ENTITAT QUE LES GESTIONI<\/strong><\/p><p data-start=\"1100\" data-end=\"1286\"><strong>COOKIES PR\u00d2PIES<\/strong><br data-start=\"1115\" data-end=\"1118\" \/>S\u00f3n aquelles que s\u2019envien a l\u2019equip terminal de l\u2019usuari des d\u2019un equip o domini gestionat pel propi editor i des del qual es presta el servei sol\u00b7licitat per l\u2019usuari.<\/p><p data-start=\"1288\" data-end=\"1507\"><strong>COOKIES DE TERCERS<\/strong><br data-start=\"1306\" data-end=\"1309\" \/>S\u00f3n aquelles que s\u2019envien a l\u2019equip terminal de l\u2019usuari des d\u2019un equip o domini que no \u00e9s gestionat per l\u2019editor, sin\u00f3 per una altra entitat que tracta les dades obtingudes a trav\u00e9s de les cookies.<\/p><p data-start=\"1509\" data-end=\"1559\"><strong>SEGONS EL TERMINI DE TEMPS QUE ROMANGUIN ACTIVADES<\/strong><\/p><p data-start=\"1561\" data-end=\"1927\"><strong>COOKIES DE SESSI\u00d3<\/strong><br data-start=\"1578\" data-end=\"1581\" \/>S\u00f3n aquelles dissenyades per recollir i emmagatzemar dades mentre l\u2019usuari accedeix a una p\u00e0gina web. S\u2019acostumen a utilitzar per emmagatzemar informaci\u00f3 que nom\u00e9s interessa conservar per a la prestaci\u00f3 del servei sol\u00b7licitat per l\u2019usuari en una sola ocasi\u00f3 (per exemple, una llista de productes adquirits) i desapareixen en finalitzar la sessi\u00f3.<\/p><p data-start=\"1929\" data-end=\"2159\"><strong>COOKIES PERSISTENTS<\/strong><br data-start=\"1948\" data-end=\"1951\" \/>S\u00f3n aquelles en qu\u00e8 les dades continuen emmagatzemades al terminal i poden ser accedides i tractades durant un per\u00edode definit pel responsable de la cookie, que pot anar des d\u2019uns minuts fins a diversos anys.<\/p><p data-start=\"2161\" data-end=\"2185\"><strong>SEGONS LA SEVA FINALITAT<\/strong><\/p><p data-start=\"2187\" data-end=\"2377\"><strong>COOKIES T\u00c8CNIQUES<\/strong><br data-start=\"2204\" data-end=\"2207\" \/>S\u00f3n aquelles que permeten a l\u2019usuari la navegaci\u00f3 a trav\u00e9s d\u2019una p\u00e0gina web, plataforma o aplicaci\u00f3 i la utilitzaci\u00f3 de les diferents opcions o serveis que hi existeixen.<\/p><p data-start=\"2379\" data-end=\"2507\"><strong>COOKIES DE PERSONALITZACI\u00d3<\/strong><br data-start=\"2405\" data-end=\"2408\" \/>Permeten aplicar caracter\u00edstiques pr\u00f2pies per a la navegaci\u00f3 de l\u2019usuari pel lloc web (ex. idioma).<\/p><p data-start=\"2509\" data-end=\"2978\"><strong>COOKIES D\u2019AN\u00c0LISI<\/strong><br data-start=\"2526\" data-end=\"2529\" \/>S\u00f3n aquelles que permeten al responsable d\u2019aquestes el seguiment i an\u00e0lisi del comportament dels usuaris dels llocs web als quals estan vinculades, inclosa la quantificaci\u00f3 dels impactes dels anuncis. La informaci\u00f3 recollida mitjan\u00e7ant aquest tipus de cookies s\u2019utilitza en la mesura de l\u2019activitat dels llocs web, aplicaci\u00f3 o plataforma, amb la finalitat d\u2019introduir millores en funci\u00f3 de l\u2019an\u00e0lisi de les dades d\u2019\u00fas que fan els usuaris del servei.<\/p><p data-start=\"2980\" data-end=\"3108\"><strong>COOKIES PUBLICIT\u00c0RIES<\/strong><br data-start=\"3001\" data-end=\"3004\" \/>Permeten a l\u2019editor incloure en la p\u00e0gina web espais publicitaris, segons el contingut de la pr\u00f2pia web.<\/p><p data-start=\"3110\" data-end=\"3390\" data-is-last-node=\"\" data-is-only-node=\"\"><strong>COOKIES DE PUBLICITAT COMPORTAMENTAL<\/strong><br data-start=\"3146\" data-end=\"3149\" \/>S\u00f3n aquelles que emmagatzemen informaci\u00f3 del comportament dels usuaris obtinguda a trav\u00e9s de l\u2019observaci\u00f3 continuada dels seus h\u00e0bits de navegaci\u00f3, cosa que permet desenvolupar un perfil espec\u00edfic per mostrar publicitat en funci\u00f3 del mateix.<\/p>\t\t\t\t\t\t\t\t<\/div>\n\t\t\t\t\t<\/div>\n\t\t\t\t<\/div>\n\t\t\t\t<\/div>\n\t\t","protected":false},"excerpt":{"rendered":"<p>Pol\u00edtica de Cookies D\u2019acord amb el que estableix l\u2019article 22.2 de la Llei 34\/2002, d\u201911 de juliol, de Serveis de la Societat de la Informaci\u00f3 i de Comer\u00e7 Electr\u00f2nic (LSSI-CE) vigent, BLANCA GONZALEZ NU\u00d1EZ ha de complir amb l\u2019obligaci\u00f3 d\u2019informar sobre les cookies que utilitza i les seves finalitats. Aquest lloc web utilitza cookies i\/o [&hellip;]<\/p>\n","protected":false},"author":1,"featured_media":0,"parent":0,"menu_order":0,"comment_status":"closed","ping_status":"closed","template":"","meta":{"footnotes":""},"class_list":["post-1042","page","type-page","status-publish","hentry"],"_links":{"self":[{"href":"https:\/\/clinicturdental.com\/ca\/wp-json\/wp\/v2\/pages\/1042","targetHints":{"allow":["GET"]}}],"collection":[{"href":"https:\/\/clinicturdental.com\/ca\/wp-json\/wp\/v2\/pages"}],"about":[{"href":"https:\/\/clinicturdental.com\/ca\/wp-json\/wp\/v2\/types\/page"}],"author":[{"embeddable":true,"href":"https:\/\/clinicturdental.com\/ca\/wp-json\/wp\/v2\/users\/1"}],"replies":[{"embeddable":true,"href":"https:\/\/clinicturdental.com\/ca\/wp-json\/wp\/v2\/comments?post=1042"}],"version-history":[{"count":3,"href":"https:\/\/clinicturdental.com\/ca\/wp-json\/wp\/v2\/pages\/1042\/revisions"}],"predecessor-version":[{"id":2172,"href":"https:\/\/clinicturdental.com\/ca\/wp-json\/wp\/v2\/pages\/1042\/revisions\/2172"}],"wp:attachment":[{"href":"https:\/\/clinicturdental.com\/ca\/wp-json\/wp\/v2\/media?parent=1042"}],"curies":[{"name":"wp","href":"https:\/\/api.w.org\/{rel}","templated":true}]}}