{"id":1046,"date":"2025-10-15T10:58:07","date_gmt":"2025-10-15T08:58:07","guid":{"rendered":"https:\/\/clinicturdental.com\/politica-de-privacitat\/"},"modified":"2026-03-24T10:16:53","modified_gmt":"2026-03-24T09:16:53","slug":"politica-de-privacitat","status":"publish","type":"page","link":"https:\/\/clinicturdental.com\/ca\/politica-de-privacitat\/","title":{"rendered":"Pol\u00edtica de privacitat"},"content":{"rendered":"\t\t<div data-elementor-type=\"wp-page\" data-elementor-id=\"1046\" class=\"elementor elementor-1046 elementor-329\" data-elementor-post-type=\"page\">\n\t\t\t\t<div class=\"elementor-element elementor-element-11168943 e-flex e-con-boxed e-con e-parent\" data-id=\"11168943\" data-element_type=\"container\" data-e-type=\"container\" data-settings=\"{&quot;background_background&quot;:&quot;gradient&quot;}\">\n\t\t\t\t\t<div class=\"e-con-inner\">\n\t\t\t\t<div class=\"elementor-element elementor-element-27934f6e elementor-widget__width-initial elementor-invisible elementor-widget elementor-widget-heading\" data-id=\"27934f6e\" data-element_type=\"widget\" data-e-type=\"widget\" data-settings=\"{&quot;_animation&quot;:&quot;slideInUp&quot;}\" data-widget_type=\"heading.default\">\n\t\t\t\t\t<h1 class=\"elementor-heading-title elementor-size-default\">Pol\u00edtica de privacitat<\/h1>\t\t\t\t<\/div>\n\t\t\t\t\t<\/div>\n\t\t\t\t<\/div>\n\t\t<div class=\"elementor-element elementor-element-1bf2011 e-flex e-con-boxed e-con e-parent\" data-id=\"1bf2011\" data-element_type=\"container\" data-e-type=\"container\">\n\t\t\t\t\t<div class=\"e-con-inner\">\n\t\t\t\t<div class=\"elementor-element elementor-element-5ada5fb elementor-widget elementor-widget-heading\" data-id=\"5ada5fb\" data-element_type=\"widget\" data-e-type=\"widget\" data-widget_type=\"heading.default\">\n\t\t\t\t\t<h2 class=\"elementor-heading-title elementor-size-default\">Dades del propietari del lloc web:\n<\/h2>\t\t\t\t<\/div>\n\t\t\t\t<div class=\"elementor-element elementor-element-2785cc4 elementor-widget elementor-widget-text-editor\" data-id=\"2785cc4\" data-element_type=\"widget\" data-e-type=\"widget\" data-widget_type=\"text-editor.default\">\n\t\t\t\t\t\t\t\t\t<p>RA\u00d3 SOCIAL: BLANCA GONZALEZ NU\u00d1EZ<br \/>NIF: 47621877D<br \/>DOMINI: <a href=\"http:\/\/www.clinicturdental.com\/\">WWW.CLINICTURDENTAL.COM<\/a><br \/>ADRE\u00c7A POSTAL: ISIDORO MACABICH, 32, 07860 SANT FRANCESC DE FORMENTERA (ILLES BALEARS)<br \/>ADRE\u00c7A ELECTR\u00d2NICA: <a href=\"mailto:info@clinicturdental.com\">info@clinicturdental.com<\/a><br \/>TEL\u00c8FONS: 971322453<\/p>\t\t\t\t\t\t\t\t<\/div>\n\t\t\t\t<div class=\"elementor-element elementor-element-c66277a elementor-widget elementor-widget-heading\" data-id=\"c66277a\" data-element_type=\"widget\" data-e-type=\"widget\" data-widget_type=\"heading.default\">\n\t\t\t\t\t<h2 class=\"elementor-heading-title elementor-size-default\">Protecci\u00f3 de dades\n<\/h2>\t\t\t\t<\/div>\n\t\t\t\t<div class=\"elementor-element elementor-element-d15f3ea elementor-widget elementor-widget-text-editor\" data-id=\"d15f3ea\" data-element_type=\"widget\" data-e-type=\"widget\" data-widget_type=\"text-editor.default\">\n\t\t\t\t\t\t\t\t\t<p>De conformitat amb la normativa vigent i aplicable en protecci\u00f3 de dades de car\u00e0cter personal, us informem que les vostres dades seran incorporades al sistema de tractament titularitat de BLANCA GONZALEZ NU\u00d1EZ amb NIF 47621877D i domicili social situat a ISIDORO MACABICH, 32, 07860 SANT FRANCESC DE FORMENTERA (ILLES BALEARS). A continuaci\u00f3, es facilita la informaci\u00f3 dels tractaments realitzats:<\/p><p>TRACTAMENTS REALITZATS<\/p><p>Accions comercials formulari web<br \/>Finalitat: Captaci\u00f3, registre i tractament de dades amb la finalitat d\u2019atendre les vostres consultes i\/o sol\u00b7licituds, aix\u00ed com de publicitat i prospecci\u00f3 comercial.<br \/>Termini de conservaci\u00f3: mentre es mantingui el consentiment prestat, excepte obligaci\u00f3 legal.<br \/>Base leg\u00edtima: El consentiment de l\u2019interessat.<br \/>Tipologia de dades:<br \/>Dades b\u00e0siques: Nom i cognoms, adre\u00e7a electr\u00f2nica<\/p><p>Gesti\u00f3 d\u2019usuaris web<br \/>Finalitat: Captaci\u00f3, registre i tractament de dades de l\u2019usuari.<br \/>Termini de conservaci\u00f3: mentre es mantingui el consentiment prestat, excepte obligaci\u00f3 legal.<br \/>Base leg\u00edtima: El consentiment de l\u2019interessat.<br \/>Tipologia de dades:<br \/>Dades b\u00e0siques: Nom i cognoms, adre\u00e7a electr\u00f2nica<\/p><p>Newsletter<br \/>Finalitat: Gesti\u00f3 de la subscripci\u00f3 a la newsletter, per realitzar els enviaments corresponents.<br \/>Termini de conservaci\u00f3: mentre es mantingui el consentiment prestat.<br \/>Base leg\u00edtima: El consentiment de l\u2019interessat.<br \/>Tipologia de dades:<br \/>Dades b\u00e0siques: Nom i cognoms, adre\u00e7a electr\u00f2nica<\/p><p>Instal\u00b7laci\u00f3 de cookies<br \/>Finalitat: Gesti\u00f3 i instal\u00b7laci\u00f3 de les cookies.<br \/>Termini de conservaci\u00f3: mentre es mantingui el consentiment prestat.<br \/>Base leg\u00edtima: El consentiment de l\u2019interessat.<br \/>Tipologia de dades:<br \/>Dades b\u00e0siques: Adre\u00e7a electr\u00f2nica, adre\u00e7a IP<\/p><p>Gesti\u00f3 formulari web<br \/>Finalitat: Atendre les vostres consultes i\/o sol\u00b7licituds.<br \/>Termini de conservaci\u00f3: mentre es mantingui el consentiment prestat.<br \/>Base leg\u00edtima: El consentiment de l\u2019interessat.<br \/>Tipologia de dades:<br \/>Dades b\u00e0siques: Nom i cognoms, adre\u00e7a electr\u00f2nica, adre\u00e7a IP<\/p><p>Drets dels interessats<\/p><p>BLANCA GONZALEZ NU\u00d1EZ informa als Usuaris que podran exercir els drets d\u2019acc\u00e9s, rectificaci\u00f3, limitaci\u00f3, supressi\u00f3, portabilitat, oposici\u00f3 al tractament de les seves dades de car\u00e0cter personal i el dret a no ser objecte de decisions automatitzades, inclosa l\u2019elaboraci\u00f3 de perfils, davant del Responsable del Tractament, aix\u00ed com la retirada del consentiment prestat.<\/p><p>Dret d\u2019Acc\u00e9s: \u00c9s el dret de l\u2019usuari a obtenir confirmaci\u00f3 sobre si s\u2019estan tractant les seves dades i, si \u00e9s el cas, les dades personals concretes tractades i la informaci\u00f3 legal del tractament (finalitats, base legitimadora, terminis de conservaci\u00f3, cessions, origen de les dades, etc.).<\/p><p>Dret de Rectificaci\u00f3: \u00c9s el dret de l\u2019afectat a modificar les dades que resultin ser inexactes o incompletes.<\/p><p>Dret a la Limitaci\u00f3 del tractament: \u00c9s el dret a limitar les finalitats del tractament previstes inicialment pel responsable del tractament en determinats sup\u00f2sits.<\/p><p>Dret de Supressi\u00f3: \u00c9s el dret a suprimir les dades de car\u00e0cter personal de l\u2019usuari.<\/p><p>Dret a la Portabilitat: El dret a rebre les dades personals que l\u2019usuari hagi facilitat en un format estructurat.<\/p><p>Dret d\u2019Oposici\u00f3: \u00c9s el dret de l\u2019usuari a que no es dugui a terme el tractament de les seves dades.<\/p><p>Dret a no ser objecte de decisions automatitzades.<\/p><p>Dret a retirar el consentiment.<\/p><p>Per exercir qualsevol dels drets en mat\u00e8ria de protecci\u00f3 de dades, haureu de presentar un escrit a l\u2019adre\u00e7a ISIDORO MACABICH, 32, 07860 SANT FRANCESC DE FORMENTERA (ILLES BALEARS) o b\u00e9 a trav\u00e9s del correu electr\u00f2nic <a href=\"mailto:info@clinicturdental.com\">info@clinicturdental.com<\/a>.<\/p><p>Finalment, us informem que teniu dret a presentar una reclamaci\u00f3 davant l\u2019Ag\u00e8ncia Espanyola de Protecci\u00f3 de Dades.<\/p><p>BLANCA GONZALEZ NU\u00d1EZ es compromet a adoptar les mesures t\u00e8cniques i organitzatives necess\u00e0ries.<\/p>\t\t\t\t\t\t\t\t<\/div>\n\t\t\t\t\t<\/div>\n\t\t\t\t<\/div>\n\t\t\t\t<\/div>\n\t\t","protected":false},"excerpt":{"rendered":"<p>Pol\u00edtica de privacitat Dades del propietari del lloc web: RA\u00d3 SOCIAL: BLANCA GONZALEZ NU\u00d1EZNIF: 47621877DDOMINI: WWW.CLINICTURDENTAL.COMADRE\u00c7A POSTAL: ISIDORO MACABICH, 32, 07860 SANT FRANCESC DE FORMENTERA (ILLES BALEARS)ADRE\u00c7A ELECTR\u00d2NICA: info@clinicturdental.comTEL\u00c8FONS: 971322453 Protecci\u00f3 de dades De conformitat amb la normativa vigent i aplicable en protecci\u00f3 de dades de car\u00e0cter personal, us informem que les vostres dades seran [&hellip;]<\/p>\n","protected":false},"author":1,"featured_media":0,"parent":0,"menu_order":0,"comment_status":"closed","ping_status":"closed","template":"","meta":{"footnotes":""},"class_list":["post-1046","page","type-page","status-publish","hentry"],"_links":{"self":[{"href":"https:\/\/clinicturdental.com\/ca\/wp-json\/wp\/v2\/pages\/1046","targetHints":{"allow":["GET"]}}],"collection":[{"href":"https:\/\/clinicturdental.com\/ca\/wp-json\/wp\/v2\/pages"}],"about":[{"href":"https:\/\/clinicturdental.com\/ca\/wp-json\/wp\/v2\/types\/page"}],"author":[{"embeddable":true,"href":"https:\/\/clinicturdental.com\/ca\/wp-json\/wp\/v2\/users\/1"}],"replies":[{"embeddable":true,"href":"https:\/\/clinicturdental.com\/ca\/wp-json\/wp\/v2\/comments?post=1046"}],"version-history":[{"count":3,"href":"https:\/\/clinicturdental.com\/ca\/wp-json\/wp\/v2\/pages\/1046\/revisions"}],"predecessor-version":[{"id":2182,"href":"https:\/\/clinicturdental.com\/ca\/wp-json\/wp\/v2\/pages\/1046\/revisions\/2182"}],"wp:attachment":[{"href":"https:\/\/clinicturdental.com\/ca\/wp-json\/wp\/v2\/media?parent=1046"}],"curies":[{"name":"wp","href":"https:\/\/api.w.org\/{rel}","templated":true}]}}